{"id":27,"date":"2019-03-11T11:57:25","date_gmt":"2019-03-11T11:57:25","guid":{"rendered":"http:\/\/posselt-gmbh.de\/?page_id=27"},"modified":"2021-02-10T16:24:31","modified_gmt":"2021-02-10T16:24:31","slug":"impressum","status":"publish","type":"page","link":"https:\/\/posselt-gmbh.de\/?page_id=27","title":{"rendered":"Impressum"},"content":{"rendered":"\n<h4 class=\"wp-block-heading\">Pflichtangaben nach \u00a75 Telemediengesetz<\/h4>\n\n\n\n<p>Kontakt<br>Posselt GmbH<br>Lichtl\u00f6cherberg 40<br>06333 Hettstedt<\/p>\n\n\n\n<p>Telefon: 03476 \/ 800 840<br>Telefax: 03476 \/ 800 840 <br>info (at) posselt-gmbh.de<\/p>\n\n\n\n<p>Gesch\u00e4ftsf\u00fchrer: Steffen Posselt<br>Sitz der Gesellschaft: D-06333 Hettstedt<br>Amtsgericht Stendal HRB 206648<br>Umsatzsteuer Ident Nummer DE139977372<\/p>\n\n\n\n<p>\u00d6ffnungszeiten<br>Montag bis Donnerstag 06:30 bis 15:00 Uhr<br>Freitag 06:30 bis 14:00 Uhr<\/p>\n\n\n\n<h4 class=\"wp-block-heading\">Haftung f\u00fcr Links<\/h4>\n\n\n\n<p>Unser Angebot enth\u00e4lt Links zu externen Webseiten Dritter, auf deren Inhalte wir keinen Einfluss haben. Deshalb k\u00f6nnen wir f\u00fcr diese fremden Inhalte auch keine Gew\u00e4hr \u00fcbernehmen. F\u00fcr die Inhalte der verlinkten Seiten ist stets der jeweilige Anbieter oder Betreiber der Seiten verantwortlich. Die verlinkten Seiten wurden zum Zeitpunkt der Verlinkung auf m\u00f6gliche Rechtsverst\u00f6\u00dfe \u00fcberpr\u00fcft. Rechtswidrige Inhalte waren zum Zeitpunkt der Verlinkung nicht erkennbar.<\/p>\n\n\n\n<p>Eine permanente inhaltliche Kontrolle der verlinkten Seiten ist jedoch ohne konkrete Anhaltspunkte einer Rechtsverletzung nicht zumutbar. Bei Bekanntwerden von Rechtsverletzungen werden wir derartige Links umgehend entfernen. Teilen Sie uns gern solche Links mit.<\/p>\n\n\n\n<h4 class=\"wp-block-heading\">Urheberrecht<\/h4>\n\n\n\n<p>Die durch die Seitenbetreiber erstellten Inhalte und Werke auf diesen Seiten unterliegen dem deutschen Urheberrecht. Die Vervielf\u00e4ltigung, Bearbeitung, Verbreitung und jede Art der Verwertung au\u00dferhalb der Grenzen des Urheberrechtes bed\u00fcrfen der schriftlichen Zustimmung des jeweiligen Autors bzw. Erstellers. Downloads und Kopien dieser Seite sind nur f\u00fcr den privaten, nicht kommerziellen Gebrauch gestattet.<\/p>\n\n\n\n<p>Soweit die Inhalte auf dieser Seite nicht vom Betreiber erstellt wurden, werden die Urheberrechte Dritter beachtet. Insbesondere werden Inhalte Dritter als solche gekennzeichnet. Sollten Sie trotzdem auf eine Urheberrechtsverletzung aufmerksam werden, bitten wir um einen entsprechenden Hinweis. Bei Bekanntwerden von Rechtsverletzungen werden wir derartige Inhalte umgehend entfernen.<\/p>\n\n\n\n<h4 class=\"wp-block-heading\">Widerspruch Werbe-Mails<\/h4>\n\n\n\n<p>Der Nutzung von im Rahmen der Impressums- bzw. Auskunftspflicht zum Datenschutz ver\u00f6ffentlichten Kontaktdaten zur \u00dcbersendung von nicht ausdr\u00fccklich angeforderter Werbung und Informationsmaterialien wird hiermit widersprochen. Die Betreiber der Seiten behalten sich ausdr\u00fccklich rechtliche Schritte im Falle der unverlangten Zusendung von Werbeinformationen, etwa durch Spam-E-Mails, vor.<\/p>\n","protected":false},"excerpt":{"rendered":"<p>Pflichtangaben nach \u00a75 Telemediengesetz KontaktPosselt GmbHLichtl\u00f6cherberg 4006333 Hettstedt Telefon: 03476 \/ 800 840Telefax: 03476 \/ 800 840 info (at) posselt-gmbh.de Gesch\u00e4ftsf\u00fchrer: Steffen PosseltSitz der Gesellschaft: D-06333 HettstedtAmtsgericht Stendal HRB 206648Umsatzsteuer Ident Nummer DE139977372 \u00d6ffnungszeitenMontag bis Donnerstag 06:30 bis 15:00 UhrFreitag 06:30 bis 14:00 Uhr Haftung f\u00fcr Links Unser Angebot enth\u00e4lt Links zu externen Webseiten Dritter,&hellip;<\/p>\n","protected":false},"author":1,"featured_media":0,"parent":0,"menu_order":0,"comment_status":"closed","ping_status":"closed","template":"","meta":{"footnotes":""},"class_list":["post-27","page","type-page","status-publish"],"_links":{"self":[{"href":"https:\/\/posselt-gmbh.de\/index.php?rest_route=\/wp\/v2\/pages\/27","targetHints":{"allow":["GET"]}}],"collection":[{"href":"https:\/\/posselt-gmbh.de\/index.php?rest_route=\/wp\/v2\/pages"}],"about":[{"href":"https:\/\/posselt-gmbh.de\/index.php?rest_route=\/wp\/v2\/types\/page"}],"author":[{"embeddable":true,"href":"https:\/\/posselt-gmbh.de\/index.php?rest_route=\/wp\/v2\/users\/1"}],"replies":[{"embeddable":true,"href":"https:\/\/posselt-gmbh.de\/index.php?rest_route=%2Fwp%2Fv2%2Fcomments&post=27"}],"version-history":[{"count":3,"href":"https:\/\/posselt-gmbh.de\/index.php?rest_route=\/wp\/v2\/pages\/27\/revisions"}],"predecessor-version":[{"id":100,"href":"https:\/\/posselt-gmbh.de\/index.php?rest_route=\/wp\/v2\/pages\/27\/revisions\/100"}],"wp:attachment":[{"href":"https:\/\/posselt-gmbh.de\/index.php?rest_route=%2Fwp%2Fv2%2Fmedia&parent=27"}],"curies":[{"name":"wp","href":"https:\/\/api.w.org\/{rel}","templated":true}]}}